{"id":103,"date":"2020-05-17T16:08:18","date_gmt":"2020-05-17T14:08:18","guid":{"rendered":"https:\/\/oiseaudelune.fr\/?page_id=103"},"modified":"2020-05-27T19:14:48","modified_gmt":"2020-05-27T17:14:48","slug":"archives-depuis-2012","status":"publish","type":"page","link":"https:\/\/oiseaudelune.fr\/?page_id=103","title":{"rendered":"Archives depuis 2012"},"content":{"rendered":"<p style=\"text-align: center;\"><span style=\"font-family: Comic Sans MS, sans-serif; font-size: 18pt; color: #333399;\">Vous \u00eates sur le nouveau site de Transe Formation de l&#8217; \u00catre, par Oiseau de Lune depuis mai 2020.<\/span><\/p>\n<p><span style=\"font-family: Comic Sans MS, sans-serif; color: #333399; font-size: 14pt;\">Vous pouvez voir l&#8217;ant\u00e9riorit\u00e9 en cliquant sur ce lien :<\/span><\/p>\n<p><a href=\"http:\/\/www.oiseaudelune.fr\/transeformation\/www.transeformationdeletre.fr\/index.html\" target=\"_blank\" rel=\"noopener noreferrer\"><span style=\"font-size: 14pt;\"><strong><span style=\"color: #333399;\">Ancien site avec archives<\/span><\/strong><\/span><\/a><\/p>\n<p><iframe loading=\"lazy\" title=\"Le chamanisme ou la voie du coeur pour  Oiseau de lune\" width=\"625\" height=\"469\" src=\"https:\/\/www.youtube.com\/embed\/MbFL7lEj1jM?feature=oembed\" frameborder=\"0\" allow=\"accelerometer; autoplay; encrypted-media; gyroscope; picture-in-picture\" allowfullscreen><\/iframe><\/p>\n<div><span class=\"text-class-5\" style=\"font-family: Comic Sans MS, sans-serif; font-size: 14pt; color: #333399;\">La voie chamanique pour aller \u00e0 la rencontre du sacr\u00e9, \u00e0 sa propre rencontre&#8230;Au son du tambour&#8230;<br \/>\n<\/span><\/div>\n<div><\/div>\n<div><span class=\"text-class-5\" style=\"font-family: Comic Sans MS, sans-serif; font-size: 14pt; color: #333399;\">Les th\u00e9rapies int\u00e9gratives, un moyen de retrouver les cl\u00e9s du bien-\u00eatre.<\/span><\/div>\n<div><span class=\"text-class-8\" style=\"font-family: Comic Sans MS, sans-serif; font-size: 14pt; color: #333399;\">\u00a0<\/span><\/div>\n<div><span class=\"text-class-8\" style=\"font-family: Comic Sans MS, sans-serif; font-size: 14pt; color: #333399;\"><span class=\"text-class-6\">L&#8217;\u00e9tat de transe<\/span><span class=\"text-class-6\"> est un pont vers l&#8217;inconscient que nous pouvons emprunter pour communiquer avec notre \u00eatre profond, notre inconscient et au moyen de ce dialogue retrouver l&#8217;harmonie et le bien-\u00eatre.<\/span><\/span><\/div>\n<div><span class=\"text-class-8\" style=\"font-family: Comic Sans MS, sans-serif; font-size: 14pt; color: #333399;\">\u00a0<\/span><\/div>\n<div><span class=\"text-class-5\" style=\"font-family: Comic Sans MS, sans-serif; font-size: 14pt; color: #333399;\">Quelles que soient nos racines, nous avons tous \u00e0 un moment ou \u00e0 un autre besoin de les conna\u00eetre, de les comprendre, de savoir qui nous sommes et ou nous allons.<br \/>\n<\/span><\/div>\n<div><span class=\"text-class-8\" style=\"font-family: Comic Sans MS, sans-serif; font-size: 14pt; color: #333399;\">\u00a0<\/span><\/div>\n<div><span class=\"text-class-5\" style=\"font-family: Comic Sans MS, sans-serif; font-size: 14pt; color: #333399;\">Nous avons en nous les ressources n\u00e9cessaires \u00e0 notre r\u00e9alisation.<\/span><\/div>\n<div><span class=\"text-class-8\" style=\"font-family: Comic Sans MS, sans-serif; font-size: 14pt; color: #333399;\">\u00a0<\/span><\/div>\n<div><span class=\"text-class-5\" style=\"font-family: Comic Sans MS, sans-serif; font-size: 14pt; color: #333399;\">Parce que tout \u00eatre humain doit pouvoir se sentir bien et en harmonie<\/span><\/div>\n<div><span class=\"text-class-8\" style=\"font-family: Comic Sans MS, sans-serif; font-size: 14pt; color: #333399;\">\u00a0<\/span><\/div>\n<div><span class=\"text-class-5\" style=\"font-family: Comic Sans MS, sans-serif; font-size: 14pt; color: #333399;\">Vous pouvez acc\u00e9der \u00e0 votre r\u00e9alisation, vous sentir bien, avoir confiance en vous,vous conna\u00eetre vraiment, vous appr\u00e9cier, vous autoriser \u00e0 \u00eatre qui vous \u00eates&#8230;<\/span><\/div>\n<div><span class=\"text-class-8\" style=\"font-family: Comic Sans MS, sans-serif; font-size: 14pt; color: #333399;\">\u00a0<\/span><\/div>\n<div><span class=\"text-class-5\" style=\"font-family: Comic Sans MS, sans-serif; font-size: 14pt; color: #333399;\">Oiseau de lune<\/span><\/div>\n","protected":false},"excerpt":{"rendered":"<p>Vous \u00eates sur le nouveau site de Transe Formation de l&#8217; \u00catre, par Oiseau de Lune depuis mai 2020. Vous pouvez voir l&#8217;ant\u00e9riorit\u00e9 en cliquant sur ce lien : Ancien site avec archives La voie chamanique pour aller \u00e0 la rencontre du sacr\u00e9, \u00e0 sa propre rencontre&#8230;Au son du tambour&#8230; Les th\u00e9rapies int\u00e9gratives, un moyen [&hellip;]<\/p>\n","protected":false},"author":1,"featured_media":0,"parent":0,"menu_order":0,"comment_status":"closed","ping_status":"closed","template":"","meta":{"footnotes":""},"_links":{"self":[{"href":"https:\/\/oiseaudelune.fr\/index.php?rest_route=\/wp\/v2\/pages\/103"}],"collection":[{"href":"https:\/\/oiseaudelune.fr\/index.php?rest_route=\/wp\/v2\/pages"}],"about":[{"href":"https:\/\/oiseaudelune.fr\/index.php?rest_route=\/wp\/v2\/types\/page"}],"author":[{"embeddable":true,"href":"https:\/\/oiseaudelune.fr\/index.php?rest_route=\/wp\/v2\/users\/1"}],"replies":[{"embeddable":true,"href":"https:\/\/oiseaudelune.fr\/index.php?rest_route=%2Fwp%2Fv2%2Fcomments&post=103"}],"version-history":[{"count":4,"href":"https:\/\/oiseaudelune.fr\/index.php?rest_route=\/wp\/v2\/pages\/103\/revisions"}],"predecessor-version":[{"id":129,"href":"https:\/\/oiseaudelune.fr\/index.php?rest_route=\/wp\/v2\/pages\/103\/revisions\/129"}],"wp:attachment":[{"href":"https:\/\/oiseaudelune.fr\/index.php?rest_route=%2Fwp%2Fv2%2Fmedia&parent=103"}],"curies":[{"name":"wp","href":"https:\/\/api.w.org\/{rel}","templated":true}]}}