{"id":139,"date":"2020-06-04T17:29:00","date_gmt":"2020-06-04T15:29:00","guid":{"rendered":"https:\/\/oiseaudelune.fr\/?page_id=139"},"modified":"2020-06-04T17:30:39","modified_gmt":"2020-06-04T15:30:39","slug":"spiritualite","status":"publish","type":"page","link":"https:\/\/oiseaudelune.fr\/?page_id=139","title":{"rendered":"Spiritualit\u00e9"},"content":{"rendered":"<p style=\"text-align: center;\"><span style=\"text-decoration: underline; color: #333399;\"><strong><span style=\"font-family: Comic Sans MS, sans-serif; font-size: 24pt;\">La Spiritualit\u00e9<\/span><\/strong><\/span><\/p>\n<p>&nbsp;<\/p>\n<p><span style=\"font-family: Comic Sans MS, sans-serif; color: #333399; font-size: 14pt;\">Pour en parler il faut s&#8217;entendre sur le dictionnaire !<\/span><\/p>\n<p><span style=\"color: #333399; font-family: Comic Sans MS, sans-serif; font-size: 14pt;\">C&#8217;est un exercice int\u00e9ressant de la d\u00e9finir et en m\u00eame temps ce n&#8217;est pas si simple.<\/span><\/p>\n<p><span style=\"color: #333399; font-family: Comic Sans MS, sans-serif; font-size: 14pt;\">Je pourrai dire que c&#8217;est une qu\u00eate de sens, une recherche d&#8217;\u00e9l\u00e9vation, un chemin d&#8217;\u00e9volution vers soi, son \u00e2me, le divin, cr\u00e9ateur&#8230;quel que soit le nom que l&#8217;on lui donne, vers l&#8217;univers, en dehors de tout dogme. <\/span><\/p>\n<p><span style=\"color: #333399; font-family: Comic Sans MS, sans-serif; font-size: 14pt;\">Pour certains la croyance au travers d&#8217;une religion est le chemin, pour d&#8217;autres le chemin est diff\u00e9rent et la spiritualit\u00e9 se vit sans adh\u00e9rer \u00e0 une religion.\u00a0<\/span><\/p>\n<p><span style=\"color: #333399; font-family: Comic Sans MS, sans-serif; font-size: 14pt;\">La spiritualit\u00e9 est un chemin de compr\u00e9hension vers la paix, l&#8217;amour inconditionnel et l&#8217;unit\u00e9 qui nous permet de grandir, d&#8217;exp\u00e9rimenter l\u2019indicible. <\/span><\/p>\n<p><span style=\"font-family: Comic Sans MS, sans-serif; font-size: 14pt; color: #333399;\">Les mots sont peu pour exprimer cela.<\/span><\/p>\n<p><span style=\"font-family: Comic Sans MS, sans-serif; font-size: 14pt; color: #333399;\">Oiseau de Lune<\/span><\/p>\n","protected":false},"excerpt":{"rendered":"<p>La Spiritualit\u00e9 &nbsp; Pour en parler il faut s&#8217;entendre sur le dictionnaire ! C&#8217;est un exercice int\u00e9ressant de la d\u00e9finir et en m\u00eame temps ce n&#8217;est pas si simple. Je pourrai dire que c&#8217;est une qu\u00eate de sens, une recherche d&#8217;\u00e9l\u00e9vation, un chemin d&#8217;\u00e9volution vers soi, son \u00e2me, le divin, cr\u00e9ateur&#8230;quel que soit le nom [&hellip;]<\/p>\n","protected":false},"author":1,"featured_media":0,"parent":0,"menu_order":0,"comment_status":"closed","ping_status":"closed","template":"","meta":{"footnotes":""},"_links":{"self":[{"href":"https:\/\/oiseaudelune.fr\/index.php?rest_route=\/wp\/v2\/pages\/139"}],"collection":[{"href":"https:\/\/oiseaudelune.fr\/index.php?rest_route=\/wp\/v2\/pages"}],"about":[{"href":"https:\/\/oiseaudelune.fr\/index.php?rest_route=\/wp\/v2\/types\/page"}],"author":[{"embeddable":true,"href":"https:\/\/oiseaudelune.fr\/index.php?rest_route=\/wp\/v2\/users\/1"}],"replies":[{"embeddable":true,"href":"https:\/\/oiseaudelune.fr\/index.php?rest_route=%2Fwp%2Fv2%2Fcomments&post=139"}],"version-history":[{"count":2,"href":"https:\/\/oiseaudelune.fr\/index.php?rest_route=\/wp\/v2\/pages\/139\/revisions"}],"predecessor-version":[{"id":143,"href":"https:\/\/oiseaudelune.fr\/index.php?rest_route=\/wp\/v2\/pages\/139\/revisions\/143"}],"wp:attachment":[{"href":"https:\/\/oiseaudelune.fr\/index.php?rest_route=%2Fwp%2Fv2%2Fmedia&parent=139"}],"curies":[{"name":"wp","href":"https:\/\/api.w.org\/{rel}","templated":true}]}}