{"id":163,"date":"2020-11-02T14:54:54","date_gmt":"2020-11-02T13:54:54","guid":{"rendered":"https:\/\/oiseaudelune.fr\/?page_id=163"},"modified":"2023-12-11T17:16:20","modified_gmt":"2023-12-11T16:16:20","slug":"boutique-en-linge-doiseau-de-lune-cd-tambours-et-plus","status":"publish","type":"page","link":"https:\/\/oiseaudelune.fr\/","title":{"rendered":"Bienvenue chez Oiseau de Lune"},"content":{"rendered":"\n\n<div class=\"entry-content\">\n<h2><span style=\"color: #333399; font-family: Comic Sans MS, sans-serif;\">Bienvenue,<\/span><\/h2>\n<h2><span style=\"color: #333399; font-family: Comic Sans MS, sans-serif;\">Vous \u00eates bien sur le site de Transe Formation de l\u2019\u00catre qui est le site d\u2019Oiseau de Lune.<\/span><\/h2>\n<h2><img loading=\"lazy\" decoding=\"async\" class=\"size-full wp-image-10 aligncenter\" title=\"Bienvenue\" src=\"https:\/\/oiseaudelune.fr\/wp-content\/uploads\/2020\/05\/Corine-festival-2019-2_1070949.jpg\" alt=\"Corine festival 2019 2 1070949 - Bienvenue\" width=\"93\" height=\"144\" \/><\/h2>\n<p><span style=\"color: #333399; font-family: Comic Sans MS, sans-serif; font-size: 14pt;\"><strong>\u00catre heureux, en bonne sant\u00e9, en harmonie avec son chemin de vie, dans l\u2019abondance\u2026c\u2019est notre \u00e9tat naturel !<\/strong><\/span><\/p>\n<p><span style=\"color: #333399; font-family: Comic Sans MS, sans-serif; font-size: 14pt;\"><strong>Nous avons en nous les ressources n\u00e9cessaires \u00e0 notre r\u00e9alisation.<\/strong><\/span><\/p>\n<p><span style=\"color: #333399; font-family: Comic Sans MS, sans-serif; font-size: 14pt;\"><strong>Tout \u00eatre humain doit pouvoir se sentir bien et en harmonie<\/strong><\/span><\/p>\n<p><span style=\"color: #333399; font-family: Comic Sans MS, sans-serif; font-size: 14pt;\"><strong>Vous pouvez acc\u00e9der \u00e0 votre r\u00e9alisation, vous sentir bien, avoir confiance en vous,vous conna\u00eetre vraiment, vous appr\u00e9cier, vous autoriser \u00e0 \u00eatre qui vous \u00eates\u2026quoi qu\u2019il se passe autour de vous.<\/strong><\/span><\/p>\n<p><span style=\"color: #333399; font-family: Comic Sans MS, sans-serif; font-size: 14pt;\"><strong>Mon but,le souhait de mon \u00e2me est de montrer le chemin de la simplicit\u00e9, de la reliance, de l\u2019\u00e9panouissement dans son chemin de vie.<\/strong><\/span><\/p>\n<p><span style=\"color: #333399; font-family: Comic Sans MS, sans-serif; font-size: 14pt;\"><strong>Chacun a quelque chose d\u2019unique \u00e0 offrir au monde et nous devrions tous \u00eatre en capacit\u00e9 de le d\u00e9ployer et de l\u2019offrir au monde de mani\u00e8re simple, joyeuse, dans l\u2019abondance et l\u2019amour.<\/strong><\/span><\/p>\n<p><span style=\"color: #333399; font-family: Comic Sans MS, sans-serif; font-size: 14pt;\"><strong>Mes actions concr\u00e8tes :<\/strong><\/span><\/p>\n<p><span style=\"color: #333399; font-family: Comic Sans MS, sans-serif; font-size: 14pt;\"><strong>Depuis 2012 :<\/strong><\/span><\/p>\n<p><span style=\"color: #333399; font-family: Comic Sans MS, sans-serif; font-size: 14pt;\"><strong>Accompagnements divers tant en individuel qu&#8217;en groupes<\/strong><\/span><\/p>\n<p><span style=\"color: #333399; font-family: Comic Sans MS, sans-serif; font-size: 14pt;\"><strong>2012 : Cr\u00e9ation de Transe Formation de l\u2019\u00catre<\/strong><\/span><\/p>\n<p><span style=\"color: #333399; font-family: Comic Sans MS, sans-serif; font-size: 14pt;\"><strong>2015 : <a style=\"color: #333399;\" href=\"https:\/\/coeurdusacre.fr\/\" target=\"_blank\" rel=\"noopener noreferrer\">Cr\u00e9ation du Festival Rencontre au Coeur du Sacr\u00e9<\/a><\/strong><\/span><\/p>\n<p><span style=\"color: #333399; font-size: 14pt;\"><strong><span style=\"font-family: Comic Sans MS, sans-serif;\">2019 : <\/span><a style=\"color: #333399;\" href=\"http:\/\/www.chamanisme-humani-terre.com\/\" target=\"_blank\" rel=\"noopener noreferrer\"><span style=\"font-family: Comic Sans MS, sans-serif;\">Cr\u00e9ation du Conseil Humani-Terre (qui se tiendra en 2021)<\/span><\/a><\/strong><\/span><\/p>\n<p><span style=\"color: #333399;\"><strong><span style=\"font-family: Comic Sans MS, sans-serif; font-size: 14pt;\">2021 : Dans le cadre de l&#8217;association Rencontre au Coeur du Sacr\u00e9, initiation d&#8217;un projet qui \u00e0 abouti avec la cr\u00e9ation d&#8217;un documentaire sur le peuple Shuar, <a href=\"https:\/\/youtu.be\/VyuYJu-5cxg\" target=\"_blank\" rel=\"noopener noreferrer\">pour le voir cliquez ici<\/a><\/span><\/strong><\/span><\/p>\n<p><span style=\"color: #333399; font-size: 14pt;\"><b>\u00a0<\/b><\/span><\/p>\n<p><span style=\"color: #333399; font-size: 14pt;\"><b>Oiseau de lune<\/b><\/span><\/p>\n<p><span style=\"color: #333399; font-size: 14pt;\"><strong>Corine Lanfranco Pradel<\/strong><\/span><\/p>\n<p>\u00a0<\/p>\n<p><span style=\"color: #333399;\"><strong><span style=\"color: #0000ff;\">\u00a0<\/span><a style=\"color: #333399;\" href=\"https:\/\/www.oiseaudelune.fr\/transeformation\/www.transeformationdeletre.fr\/index.html\" target=\"_blank\" rel=\"noopener noreferrer\"><span style=\"color: #0000ff;\">Archives<\/span><\/a><\/strong><\/span><\/p>\n<\/div>\n<h2>\u00a0<\/h2>\n<h2 style=\"text-align: center;\">\u00a0<\/h2>\n\n<div data-block-name=\"woocommerce\/product-new\" class=\"wc-block-grid wp-block-product-new wc-block-product-new has-3-columns has-multiple-rows\"><ul class=\"wc-block-grid__products\"><li class=\"wc-block-grid__product\">\n\t\t\t\t<a href=\"https:\/\/oiseaudelune.fr\/?product=livre-la-plume-de-loiseau-recueil-au-gre-des-pensees-de-corine-lanfranco-pradel-oiseau-de-lune\" class=\"wc-block-grid__product-link\">\n\t\t\t\t\t\n\t\t\t\t\t<div class=\"wc-block-grid__product-image\"><img loading=\"lazy\" decoding=\"async\" width=\"200\" height=\"200\" src=\"https:\/\/oiseaudelune.fr\/wp-content\/uploads\/2021\/10\/LANFRANCO-LaPlumeDeOiseau-COUV-3-200x200.jpg\" class=\"attachment-woocommerce_thumbnail size-woocommerce_thumbnail\" alt=\"Livre : La Plume de l&#039;Oiseau, Recueil au gr\u00e9 des pens\u00e9es\" srcset=\"https:\/\/oiseaudelune.fr\/wp-content\/uploads\/2021\/10\/LANFRANCO-LaPlumeDeOiseau-COUV-3-200x200.jpg 200w, https:\/\/oiseaudelune.fr\/wp-content\/uploads\/2021\/10\/LANFRANCO-LaPlumeDeOiseau-COUV-3-150x150.jpg 150w, https:\/\/oiseaudelune.fr\/wp-content\/uploads\/2021\/10\/LANFRANCO-LaPlumeDeOiseau-COUV-3-100x100.jpg 100w\" sizes=\"(max-width: 200px) 100vw, 200px\" \/><\/div>\n\t\t\t\t\t<div class=\"wc-block-grid__product-title\">Livre : La Plume de l&#8217;Oiseau, Recueil au gr\u00e9 des pens\u00e9es<\/div>\n\t\t\t\t<\/a>\n\t\t\t\t<div class=\"wc-block-grid__product-price price\"><span class=\"woocommerce-Price-amount amount\"><span class=\"woocommerce-Price-currencySymbol\">&euro;<\/span>19,00<\/span><\/div>\n\t\t\t\t\n\t\t\t\t<div class=\"wp-block-button wc-block-grid__product-add-to-cart\"><a href=\"?add-to-cart=258\" aria-label=\"Ajouter &ldquo;Livre : La Plume de l&#039;Oiseau, Recueil au gr\u00e9 des pens\u00e9es&rdquo; \u00e0 votre panier\" data-quantity=\"1\" data-product_id=\"258\" data-product_sku=\"\" data-price=\"19\" rel=\"nofollow\" class=\"wp-block-button__link  add_to_cart_button ajax_add_to_cart\">Ajouter au panier<\/a><\/div>\n\t\t\t<\/li><li class=\"wc-block-grid__product\">\n\t\t\t\t<a href=\"https:\/\/oiseaudelune.fr\/?product=cd-therapeutique-de-connexion-par-la-transe\" class=\"wc-block-grid__product-link\">\n\t\t\t\t\t\n\t\t\t\t\t<div class=\"wc-block-grid__product-image\"><img loading=\"lazy\" decoding=\"async\" width=\"200\" height=\"200\" src=\"https:\/\/oiseaudelune.fr\/wp-content\/uploads\/2020\/05\/INVOCATIONS-DE-Oiseau-de-Lune-pochette-scaled-200x200.jpg\" class=\"attachment-woocommerce_thumbnail size-woocommerce_thumbnail\" alt=\"CD - Invocations\" srcset=\"https:\/\/oiseaudelune.fr\/wp-content\/uploads\/2020\/05\/INVOCATIONS-DE-Oiseau-de-Lune-pochette-scaled-200x200.jpg 200w, https:\/\/oiseaudelune.fr\/wp-content\/uploads\/2020\/05\/INVOCATIONS-DE-Oiseau-de-Lune-pochette-150x150.jpg 150w\" sizes=\"(max-width: 200px) 100vw, 200px\" \/><\/div>\n\t\t\t\t\t<div class=\"wc-block-grid__product-title\">CD &#8211; Invocations<\/div>\n\t\t\t\t<\/a>\n\t\t\t\t<div class=\"wc-block-grid__product-price price\"><span class=\"woocommerce-Price-amount amount\"><span class=\"woocommerce-Price-currencySymbol\">&euro;<\/span>18,00<\/span><\/div>\n\t\t\t\t\n\t\t\t\t<div class=\"wp-block-button wc-block-grid__product-add-to-cart\"><a href=\"?add-to-cart=162\" aria-label=\"Ajouter &ldquo;CD - Invocations&rdquo; \u00e0 votre panier\" data-quantity=\"1\" data-product_id=\"162\" data-product_sku=\"CDInvocations\" data-price=\"18\" rel=\"nofollow\" class=\"wp-block-button__link  add_to_cart_button ajax_add_to_cart\">Ajouter au panier<\/a><\/div>\n\t\t\t<\/li><li class=\"wc-block-grid__product\">\n\t\t\t\t<a href=\"https:\/\/oiseaudelune.fr\/?product=cd-musique-therapeutique-permet-une-legere-transe\" class=\"wc-block-grid__product-link\">\n\t\t\t\t\t\n\t\t\t\t\t<div class=\"wc-block-grid__product-image\"><img loading=\"lazy\" decoding=\"async\" width=\"200\" height=\"200\" src=\"https:\/\/oiseaudelune.fr\/wp-content\/uploads\/2020\/05\/CD-Vibrations-dun-souffle-damour-pochette-200x200.jpg\" class=\"attachment-woocommerce_thumbnail size-woocommerce_thumbnail\" alt=\"CD - Vibrations d&#039;un souffle d&#039;amour\" srcset=\"https:\/\/oiseaudelune.fr\/wp-content\/uploads\/2020\/05\/CD-Vibrations-dun-souffle-damour-pochette-200x200.jpg 200w, https:\/\/oiseaudelune.fr\/wp-content\/uploads\/2020\/05\/CD-Vibrations-dun-souffle-damour-pochette-150x150.jpg 150w\" sizes=\"(max-width: 200px) 100vw, 200px\" \/><\/div>\n\t\t\t\t\t<div class=\"wc-block-grid__product-title\">CD &#8211; Vibrations d&#8217;un souffle d&#8217;amour<\/div>\n\t\t\t\t<\/a>\n\t\t\t\t<div class=\"wc-block-grid__product-price price\"><span class=\"woocommerce-Price-amount amount\"><span class=\"woocommerce-Price-currencySymbol\">&euro;<\/span>18,00<\/span><\/div>\n\t\t\t\t\n\t\t\t\t<div class=\"wp-block-button wc-block-grid__product-add-to-cart\"><a href=\"?add-to-cart=161\" aria-label=\"Ajouter &ldquo;CD - Vibrations d&#039;un souffle d&#039;amour&rdquo; \u00e0 votre panier\" data-quantity=\"1\" data-product_id=\"161\" data-product_sku=\"CDVibrations\" data-price=\"18\" rel=\"nofollow\" class=\"wp-block-button__link  add_to_cart_button ajax_add_to_cart\">Ajouter au panier<\/a><\/div>\n\t\t\t<\/li><\/ul><\/div>\n\n\n<div class=\"wp-block-media-text alignwide has-media-on-the-right\">\r\n<figure class=\"wp-block-media-text__media\"><\/figure>\r\n<div class=\"wp-block-media-text__content\">\n\n<p class=\"has-large-font-size\">\u00a0<\/p>\n\n<\/div>\r\n<\/div>\n\n\n\n<div class=\"wp-block-media-text alignwide\">\r\n<figure class=\"wp-block-media-text__media\"><\/figure>\r\n<div class=\"wp-block-media-text__content\">\n\n<p class=\"has-large-font-size\">\u00a0<\/p>\n\n<\/div>\r\n<\/div>\n\n\n\n<div class=\"wp-block-media-text alignwide has-media-on-the-right\">\r\n<figure class=\"wp-block-media-text__media\"><\/figure>\r\n<div class=\"wp-block-media-text__content\">\n\n<p class=\"has-large-font-size\">\u00a0<\/p>\n\n<\/div>\r\n<\/div>\n\n\n","protected":false},"excerpt":{"rendered":"<p>Bienvenue, Vous \u00eates bien sur le site de Transe Formation de l\u2019\u00catre qui est le site d\u2019Oiseau de Lune. \u00catre heureux, en bonne sant\u00e9, en harmonie avec son chemin de vie, dans l\u2019abondance\u2026c\u2019est notre \u00e9tat naturel ! Nous avons en nous les ressources n\u00e9cessaires \u00e0 notre r\u00e9alisation. Tout \u00eatre humain doit pouvoir se sentir bien [&hellip;]<\/p>\n","protected":false},"author":1,"featured_media":0,"parent":0,"menu_order":0,"comment_status":"closed","ping_status":"closed","template":"","meta":{"footnotes":""},"_links":{"self":[{"href":"https:\/\/oiseaudelune.fr\/index.php?rest_route=\/wp\/v2\/pages\/163"}],"collection":[{"href":"https:\/\/oiseaudelune.fr\/index.php?rest_route=\/wp\/v2\/pages"}],"about":[{"href":"https:\/\/oiseaudelune.fr\/index.php?rest_route=\/wp\/v2\/types\/page"}],"author":[{"embeddable":true,"href":"https:\/\/oiseaudelune.fr\/index.php?rest_route=\/wp\/v2\/users\/1"}],"replies":[{"embeddable":true,"href":"https:\/\/oiseaudelune.fr\/index.php?rest_route=%2Fwp%2Fv2%2Fcomments&post=163"}],"version-history":[{"count":16,"href":"https:\/\/oiseaudelune.fr\/index.php?rest_route=\/wp\/v2\/pages\/163\/revisions"}],"predecessor-version":[{"id":288,"href":"https:\/\/oiseaudelune.fr\/index.php?rest_route=\/wp\/v2\/pages\/163\/revisions\/288"}],"wp:attachment":[{"href":"https:\/\/oiseaudelune.fr\/index.php?rest_route=%2Fwp%2Fv2%2Fmedia&parent=163"}],"curies":[{"name":"wp","href":"https:\/\/api.w.org\/{rel}","templated":true}]}}