{"id":177,"date":"2020-11-04T15:06:17","date_gmt":"2020-11-04T14:06:17","guid":{"rendered":"https:\/\/oiseaudelune.fr\/?page_id=177"},"modified":"2020-11-04T17:00:45","modified_gmt":"2020-11-04T16:00:45","slug":"conditions-generales-de-vente","status":"publish","type":"page","link":"https:\/\/oiseaudelune.fr\/?page_id=177","title":{"rendered":"Conditions G\u00e9n\u00e9rales de Vente"},"content":{"rendered":"<p>Les pr\u00e9sentes conditions de vente sont conclues entre d\u2019une part la soci\u00e9t\u00e9 TRANSE FORMATION DE L\u2019\u00caTRE E.U.R.L et d\u2019autre part, par toute personne physique majeure ou personne morale souhaitant proc\u00e9der \u00e0 un achat via le site Internet www.oiseaudelune.fr.<\/p>\n<ol>\n<li><strong> Objet<\/strong><strong><br \/>\n<\/strong>Les pr\u00e9sentes conditions de vente visent \u00e0 d\u00e9finir les relations contractuelles entre TRANSE FORMATION DE L\u2019\u00caTRE E.U.R.L et l\u2019acheteur et les conditions applicables \u00e0 tout achat effectu\u00e9 par le biais du site marchand www.oiseaudelune.fr .L\u2019acquisition d\u2019un bien \u00e0 l\u2019aide du site www.oiseaudelune.fr implique une acceptation sans r\u00e9serve par l\u2019acheteur des pr\u00e9sentes conditions de vente. TRANSE FORMATION DE L\u2019\u00caTRE E.U.R.L se r\u00e9serve de pouvoir modifier ses conditions de vente \u00e0 tout moment. Dans ce cas, les conditions applicables seront celles en vigueur \u00e0 la date de la commande par l\u2019acheteur.<\/li>\n<li><strong> Caract\u00e9ristiques des biens propos\u00e9s<\/strong><strong><br \/>\n<\/strong>Les produits en vente sont ceux qui figurent dans les cat\u00e9gories publi\u00e9es dans le site www.oiseaudelune.fr .Ces produits sont en vente dans la limite des stocks disponibles. Chaque produit est accompagn\u00e9 d\u2019un descriptif pr\u00e9cis (type de produit, prix, etc\u2026), \u00e9tabli par TRANSE FORMATION DE L\u2019\u00caTRE E.U.R.L. Les photographies, vid\u00e9os, audios et descriptions des articles en vente sur le site www.oiseaudelune.fr sont les plus fid\u00e8les possibles et seulement l\u00e0 \u00e0 titre indicatif mais ne peuvent assurer une similitude parfaite avec le produit offert, notamment en ce qui concerne les couleurs car les \u00e9crans d\u2019ordinateur peuvent \u00e9galement pr\u00e9senter une l\u00e9g\u00e8re diff\u00e9rence d\u2019un mod\u00e8le \u00e0 l\u2019autre. En cas de diff\u00e9rences non substantielles entre les photos, vid\u00e9os, audios, textes et illustrations de pr\u00e9sentation des articles en vente sur notre site et les articles command\u00e9s, notre responsabilit\u00e9 ne saurait \u00eatre engag\u00e9e. Au cas o\u00f9 l\u2019acheteur estime qu\u2019il manque d\u2019\u00e9l\u00e9ments sur la nature et les qualit\u00e9s du produit, il pourra en demander une description plus pr\u00e9cise en contactant TRANSE FORMATION DE L\u2019\u00caTRE E.U.R.L par email.<\/li>\n<li><strong> Prix de vente<\/strong><strong><br \/>\n<\/strong>Les prix figurant dans le site www.oiseaudelune.fr sont des prix TTC en euro. TRANSE FORMATION DE L\u2019\u00caTRE E.U.R.L se r\u00e9serve le droit de modifier ses prix \u00e0 tout moment, \u00e9tant toutefois entendu que le prix figurant sur le site www.oiseaudelune.fr le jour de la commande sera le seul applicable \u00e0 l\u2019acheteur. Les prix indiqu\u00e9s ne comprennent pas les frais de traitement de commandes et de livraison<\/li>\n<li><strong> Aire g\u00e9ographique de livraison<\/strong><br \/>\nLa vente en ligne des produits pr\u00e9sent\u00e9s dans le site www.oiseaudelune.fr est accessible aux acheteurs de tous les pays, les frais de port \u00e9tant alors variables, calcul\u00e9s en fonction des tarifs postaux en vigueur le jour de la commande en fonction du poids du colis et de la zone d\u2019exp\u00e9dition au d\u00e9part de la France m\u00e9tropolitaine, propos\u00e9s sous forme de forfait.<\/li>\n<li><strong> Commandes<\/strong><br \/>\nSi en d\u00e9pit de notre vigilance un ou plusieurs produits s\u2019av\u00e8rent temporairement indisponibles apr\u00e8s votre commande, nous vous proposerons un remboursement selon le prix du produit: par virement sur votre compte bancaire ou compte PayPal selon le mode de paiement que vous avez utilis\u00e9 pour r\u00e9gler vos achats. Vous pourrez ainsi choisir le ou les nouveaux produits qui vous conviennent en remplacement du ou des produits indisponibles.<br \/>\nL\u2019acheteur majeur, qui souhaite acheter un produit doit obligatoirement :<br \/>\n\u2013 mettre dans son panier les produits choisis.\u00a0\u00a0\u00a0\u00a0\u00a0\u00a0\u00a0\u00a0\u00a0\u00a0\u00a0\u00a0\u00a0\u00a0\u00a0\u00a0\u00a0\u00a0\u00a0\u00a0\u00a0\u00a0\u00a0\u00a0\u00a0\u00a0\u00a0\u00a0\u00a0\u00a0\u00a0\u00a0\u00a0\u00a0\u00a0\u00a0\u00a0\u00a0\u00a0\u00a0\u00a0\u00a0\u00a0\u00a0\u00a0\u00a0\u00a0\u00a0\u00a0\u00a0\u00a0\u00a0\u00a0\u00a0\u00a0\u00a0\u00a0\u00a0\u00a0\u00a0\u00a0\u00a0\u00a0\u00a0\u00a0\u00a0\u00a0\u00a0\u00a0\u00a0\u00a0\u00a0\u00a0\u00a0\u00a0\u00a0\u00a0\u00a0\u00a0\u00a0\u00a0\u00a0 \u2013 remplir la fiche d\u2019identification sur laquelle il indiquera toutes les coordonn\u00e9es demand\u00e9es.\u00a0\u00a0\u00a0\u00a0\u00a0\u00a0\u00a0\u00a0\u00a0\u00a0\u00a0\u00a0\u00a0\u00a0\u00a0\u00a0\u00a0\u00a0\u00a0\u00a0\u00a0\u00a0\u00a0\u00a0\u00a0\u00a0\u00a0\u00a0\u00a0\u00a0\u00a0\u00a0\u00a0\u00a0\u00a0\u00a0\u00a0\u00a0\u00a0\u00a0\u00a0\u00a0\u00a0\u00a0\u00a0\u00a0\u00a0\u00a0\u00a0\u00a0\u00a0\u00a0\u00a0\u00a0\u00a0\u00a0\u00a0\u00a0\u00a0\u00a0\u00a0\u00a0\u00a0\u00a0\u00a0\u00a0\u00a0\u00a0\u00a0\u00a0\u00a0\u00a0\u00a0\u00a0\u00a0\u00a0\u00a0\u00a0\u00a0\u00a0\u00a0\u00a0\u00a0\u00a0\u00a0\u00a0\u00a0\u00a0\u00a0\u00a0\u00a0\u00a0\u00a0\u00a0\u00a0\u00a0\u00a0\u00a0\u00a0\u00a0\u00a0\u00a0\u00a0\u00a0\u00a0\u00a0\u00a0\u00a0\u00a0\u00a0\u00a0\u00a0\u00a0\u00a0\u00a0\u00a0\u00a0\u00a0\u00a0\u00a0\u00a0\u00a0\u00a0\u00a0\u00a0\u00a0\u00a0\u00a0\u00a0\u00a0\u00a0\u00a0\u00a0\u00a0\u00a0\u00a0\u00a0\u00a0\u00a0\u00a0\u00a0 \u2013 valider sa commande apr\u00e8s l\u2019avoir v\u00e9rifi\u00e9e.\u00a0\u00a0\u00a0\u00a0\u00a0\u00a0\u00a0\u00a0\u00a0\u00a0\u00a0\u00a0\u00a0\u00a0\u00a0\u00a0\u00a0\u00a0\u00a0\u00a0\u00a0\u00a0\u00a0\u00a0\u00a0\u00a0\u00a0\u00a0\u00a0\u00a0\u00a0\u00a0\u00a0\u00a0\u00a0\u00a0\u00a0\u00a0\u00a0\u00a0\u00a0\u00a0\u00a0\u00a0\u00a0\u00a0\u00a0\u00a0\u00a0\u00a0\u00a0\u00a0\u00a0\u00a0\u00a0\u00a0\u00a0\u00a0\u00a0\u00a0\u00a0\u00a0\u00a0\u00a0\u00a0\u00a0\u00a0\u00a0\u00a0\u00a0\u00a0\u00a0\u00a0\u00a0\u00a0\u00a0\u00a0\u00a0\u00a0\u00a0\u00a0\u00a0\u00a0\u00a0 \u2013 effectuer le paiement dans les conditions pr\u00e9vues. &#8211; confirmer sa commande et son r\u00e8glement.\u00a0 La confirmation de la commande entra\u00eene acceptation des pr\u00e9sentes conditions de vente, la reconnaissance d\u2019en avoir parfaite connaissance et la renonciation \u00e0 se pr\u00e9valoir de ses propres conditions d\u2019achat ou d\u2019autres conditions.<\/li>\n<\/ol>\n<p>L\u2019ensemble des donn\u00e9es fournies et la confirmation enregistr\u00e9e vaudront preuve de la transaction. La confirmation vaudra signature et acceptation des op\u00e9rations effectu\u00e9es.<br \/>\nLe vendeur communiquera par courrier \u00e9lectronique confirmation de la commande enregistr\u00e9e.<\/p>\n<p><strong>5a. Erreur dans les coordonn\u00e9es du destinataire<\/strong> :<\/p>\n<p>Les informations \u00e9nonc\u00e9es par l\u2019acheteur lors de la prise de commande engagent celui-ci.<br \/>\nEn cas d\u2019erreur ou d\u2019omission dans le renseignement des coordonn\u00e9es (n\u00b0 de t\u00e9l\u00e9phone, Email et adresse de livraison) le vendeur ne serait \u00eatre tenu pour responsable de l\u2019impossibilit\u00e9 dans laquelle il pourrait \u00eatre de livrer le produit. La commande reste maintenue.<br \/>\n<strong>5b. Refus de commande ou paiement<\/strong><strong><br \/>\n<\/strong>Conform\u00e9ment aux dispositions de l\u2019article L.122 1 du code de la consommation, TRANSE FORMATION DE L\u2019\u00caTRE E.U.R.L sera en droit de refuser toute commande anormale ou pass\u00e9e de mauvaise foi.<br \/>\nEn outre, TRANSE FORMATION DE L\u2019\u00caTRE E.U.R.L sera en droit de refuser toute commande d\u2019un client avec lequel existerait un litige relatif au paiement d\u2019une commande ant\u00e9rieure.<br \/>\n<strong>5c. Usages des produits command\u00e9s<\/strong><strong><br \/>\n<\/strong>TRANSE FORMATION DE L\u2019\u00caTRE E.U.R.L ne pourra en aucun cas \u00eatre tenu responsable des \u00e9ventuelles allergies, infections, incidents ou accidents provoqu\u00e9s directement ou indirectement par des produits achet\u00e9s sur le site www.oiseaudelune.fr ou l\u2019usage qui en aura \u00e9t\u00e9 fait.<\/p>\n<ol start=\"6\">\n<li><strong> R\u00e9tractation et retour de produit<\/strong><br \/>\nLes acheteurs b\u00e9n\u00e9ficient d\u2019un d\u00e9lai de r\u00e9tractation de quatorze jours. Ce d\u00e9lai court \u00e0 compter de la r\u00e9ception pour les biens ou de l\u2019acceptation de l\u2019offre pour les prestations de services conform\u00e9ment \u00e0 l\u2019article L.121-20 du code de la consommation.<br \/>\nLe client devra au pr\u00e9alable et obligatoirement pr\u00e9venir TRANSE FORMATION DE L\u2019\u00caTRE E.U.R.L par Email, l\u2019adresse d\u2019exp\u00e9dition et les d\u00e9marches \u00e0 suivre pour le retour du colis vous seront alors indiqu\u00e9s par retour de correspondance.<br \/>\nSi ces conditions sont respect\u00e9s, l\u2019acheteur pourra b\u00e9n\u00e9ficier d\u2019un \u00e9change ou d\u2019un remboursement, \u00e0 l\u2019exception des frais de port et des frais de transactions bancaires.<br \/>\nLe remboursement sera obligatoirement effectu\u00e9 sur le compte ayant servi au paiement dans un d\u00e9lai de 30 jours suivant la r\u00e9ception TRANSE FORMATION DE L\u2019\u00caTRE E.U.R.L, des articles retourn\u00e9s.<br \/>\nDans le cas d\u2019un \u00e9change, la r\u00e9exp\u00e9dition se fera aux frais du client.<br \/>\nLe retour de la marchandise devra \u00eatre effectu\u00e9 par le client, qui devra :<br \/>\n\u2013 prendre une assurance de la valeur de l\u2019article.<br \/>\n\u2013 exp\u00e9dier l\u2019article en recommand\u00e9 (remise contre signature). Faute de quoi nous pourrions refuser le remboursement si le colis venait \u00e0 se perdre ou serait d\u00e9t\u00e9rior\u00e9 pendant le transport.<br \/>\nIl appartiendra donc au client de se m\u00e9nager la preuve de ce retour.<br \/>\nLe produit doit \u00eatre r\u00e9exp\u00e9di\u00e9 dans son emballage d\u2019origine sans qu\u2019il n\u2019ait subi aucune d\u00e9t\u00e9rioration ou autre (Pour les CD, le film protecteur ne doit pas avoir \u00e9t\u00e9 d\u00e9fait). TRANSE FORMATION DE L\u2019\u00caTRE E.U.R.L se garde le droit de refuser un remboursement ou un \u00e9change si le produit achet\u00e9 n\u2019\u00e9tait plus dans son \u00e9tat d\u2019origine, ab\u00eem\u00e9, cass\u00e9, utilis\u00e9, etc\u2026. L\u2019article doit donc \u00eatre en parfait \u00e9tat pour une remise en vente.<br \/>\n<strong>6a. Articles adapt\u00e9s \u00e0 la demande du client<\/strong><br \/>\nConform\u00e9ment \u00e0 l\u2019article L.121-20-2 3 du code de la consommation, les produits faits \u00ab\u00a0sur mesure\u00a0\u00bb ou \u00ab\u00a0personnalis\u00e9s\u00a0\u00bb ne donnent pas droit au d\u00e9lai de r\u00e9tractation. Dans la mesure o\u00f9 il s\u2019agit d\u2019un choix personnel et sp\u00e9cifique, aucun retour, \u00e9change ou remboursement ne sera donc accept\u00e9 dans ces cas-l\u00e0.<br \/>\nSont concern\u00e9s, les produits confectionn\u00e9s selon les indications fournies par l\u2019acheteur :<br \/>\n\u2013 cr\u00e9ation unique sur mesure\u00a0 -modification d\u2019une forme<br \/>\n\u2013 ajout de mat\u00e9riaux qui modifient un mod\u00e8le existant<br \/>\nLe retour doit \u00eatre en accord avec les conditions \u00e9num\u00e9r\u00e9s au chapitre 6 de nos conditions g\u00e9n\u00e9rales de ventes.<\/li>\n<li><strong> Modalit\u00e9s de paiement<\/strong><strong><br \/>\n<\/strong>Le prix est exigible \u00e0 la commande.<br \/>\nLes paiements seront effectu\u00e9s par PayPal, ou par carte bancaire. Toutes les informations qui vous sont demand\u00e9es concernant votre carte bancaire sont parfaitement prot\u00e9g\u00e9es gr\u00e2ce \u00e0 un cryptage SSL. Elles ne circulent jamais en clair sur Internet.<br \/>\nAucune information relative \u00e0 votre carte bancaire n\u2019est stock\u00e9e dans les fichiers de TRANSE FORMATION DE L\u2019\u00caTRE E.U.R.L Toutes les op\u00e9rations se d\u00e9roulent sur le site s\u00e9curis\u00e9 de PayPal ou de Stipe.<br \/>\nSur votre relev\u00e9 bancaire les transactions apparaitront sous : Boutique ODL ou ODL<br \/>\nLe d\u00e9bit de votre carte est effectu\u00e9 au moment de l\u2019acceptation votre commande. Le compte de l\u2019acheteur sera d\u00e9bit\u00e9 avant l\u2019exp\u00e9dition des produits. La totalit\u00e9 de la commande doit \u00eatre r\u00e9gl\u00e9e avant l\u2019envoi des produits. Nous n\u2019acceptons aucun paiement contre-remboursement.<br \/>\n\u00c0 la demande de l\u2019acheteur, il lui sera adress\u00e9e une facture.<\/li>\n<li><strong> Livraison<\/strong><br \/>\nLes livraisons sont faites \u00e0 l\u2019adresse indiqu\u00e9e lors de la commande.<br \/>\nPour plus de s\u00e9curit\u00e9, toutes nos exp\u00e9ditions sont faites en lettre suivie ou Colissimo suivi. Cependant, les risques sont \u00e0 la charge de l\u2019acqu\u00e9reur \u00e0 compter du moment o\u00f9 les produits ont quitt\u00e9 les locaux de TRANSE FORMATION DE L\u2019\u00caTRE E.U.R.L. En cas de dommage pendant le transport, la protestation motiv\u00e9e doit \u00eatre formul\u00e9e aupr\u00e8s du transporteur dans un d\u00e9lai de trois jours \u00e0 compter de la livraison.<br \/>\nLes tarifs de livraison sont affich\u00e9s dans votre r\u00e9capitulatif de commande avant de la passer.<br \/>\nLes frais d\u2019envoi s\u2019affichent dans votre panier. Ils sont calcul\u00e9s en fonction du poids des articles et du lieu de destination.<br \/>\nSauf disposition contraire, la livraison est faite \u00e0 l\u2019adresse que vous nous indiquez lors de votre commande.<br \/>\nLes d\u00e9lais de livraison ne sont donn\u00e9s qu\u2019\u00e0 titre indicatif. Nous ne sommes pas responsables des d\u00e9lais d\u2019acheminement des services postaux, quelques soient les pays dans lesquels nos colis sont appel\u00e9s \u00e0 transiter.<br \/>\nSi vous habitez hors de l\u2019Union Europ\u00e9enne, vous \u00eates responsable d\u2019\u00e9ventuels droits de douane pouvant s\u2019appliquer dans votre pays.<\/li>\n<li><strong> Garantie<\/strong><strong><br \/>\n<\/strong>Tous les produits fournis par le vendeur b\u00e9n\u00e9ficient de la garantie l\u00e9gale pr\u00e9vue par les articles 1641 et suivants du Code civil.<br \/>\nEn cas de non-conformit\u00e9 d\u2019un produit vendu, il pourra \u00eatre retourn\u00e9 au vendeur qui le reprendra, l\u2019\u00e9changera o\u00f9 le remboursera.<\/li>\n<li><strong> Responsabilit\u00e9<\/strong><strong><br \/>\n<\/strong>Le vendeur, dans le processus de vente en ligne, n\u2019est tenu que par une obligation de moyens.<br \/>\nSa responsabilit\u00e9 ne pourra \u00eatre engag\u00e9e pour un dommage r\u00e9sultant de l\u2019utilisation du r\u00e9seau Internet tel que perte de donn\u00e9es, intrusion, virus, rupture du service, ou autres probl\u00e8mes involontaires.<\/li>\n<li><strong> Clause de propri\u00e9t\u00e9<\/strong><br \/>\nLes\u00a0produits qui vous seront livr\u00e9s et factur\u00e9s resteront la propri\u00e9t\u00e9 de\u00a0la soci\u00e9t\u00e9 TRANSE FORMATION DE L\u2019\u00caTRE E.U.R.L jusqu\u2019au paiement int\u00e9gral de leur prix. Le d\u00e9faut de paiement int\u00e9gral de la somme pourra entra\u00eener la revendication des\u00a0produits par la soci\u00e9t\u00e9 TRANSE FORMATION DE L\u2019\u00caTRE E.U.R.L, la restitution \u00e9tant imm\u00e9diate et les\u00a0produits livr\u00e9s \u00e0 vos frais et risques et p\u00e9rils. Durant la p\u00e9riode s\u2019\u00e9coulant de la livraison au transfert de propri\u00e9t\u00e9, les risques de perte, vol ou destruction, ainsi que les dommages que vous pourriez occasionner restent \u00e0 votre charge.<\/li>\n<li><strong> Propri\u00e9t\u00e9 intellectuelle<\/strong><strong><br \/>\n<\/strong>Tous les \u00e9l\u00e9ments du site www.oiseaudelune.fr sont et restent la propri\u00e9t\u00e9 intellectuelle et exclusive de TRANSE FORMATION DE L\u2019\u00caTRE E.U.R.L.<br \/>\nPersonne n\u2019est autoris\u00e9 \u00e0 reproduire, exploiter, rediffuser, ou utiliser \u00e0 quelque titre que ce soit, m\u00eame partiellement, des \u00e9l\u00e9ments du site www.oiseaudelune.fr qu\u2019ils soient logiciels, visuels ou sonores, sauf autorisation \u00e9crite pr\u00e9alable du responsable de la soci\u00e9t\u00e9 TRANSE FORMATION DE L\u2019\u00caTRE E.U.R.L<\/li>\n<li><strong> Litiges<\/strong><br \/>\nEn cas de litiges, seuls le Tribunal de Grande Instance de Saint Brieuc est comp\u00e9tent.<\/li>\n<li><strong> Donn\u00e9es \u00e0 caract\u00e8re personnel<\/strong><strong><br \/>\n<\/strong>Conform\u00e9ment \u00e0 la loi de la CNIL relative \u00e0 l\u2019informatique; aux fichiers et aux libert\u00e9s du 6 janvier 1978, les informations \u00e0 caract\u00e8re nominatif relatives aux acheteurs pourront faire l\u2019objet d\u2019un traitement automatis\u00e9.<br \/>\nTRANSE FORMATION DE L\u2019\u00caTRE E.U.R.L se r\u00e9serve le droit de collecter des informations sur les acheteurs y compris en utilisant des cookies, et, s\u2019il le souhaite, de transmettre \u00e0 des partenaires commerciaux les informations collect\u00e9es.<br \/>\nLes acheteurs peuvent s\u2019opposer \u00e0 la divulgation de leurs coordonn\u00e9es en le signalant \u00e0 TRANSE FORMATION DE L\u2019\u00caTRE E.U.R.L. De m\u00eame, les utilisateurs disposent d\u2019un droit d\u2019acc\u00e8s et de rectification des donn\u00e9es les concernant, conform\u00e9ment \u00e0 la loi du 6 janvier 1978.<\/li>\n<li><strong> Archivage \u2013 Preuve<\/strong><strong><br \/>\n<\/strong>TRANSE FORMATION DE L\u2019\u00caTRE E.U.R.L archivera les bons de commandes et les factures sur un support fiable et durable constituant une copie fid\u00e8le conform\u00e9ment aux dispositions de l\u2019article 1348 du Code civil. Les registres informatis\u00e9s de TRANSE FORMATION DE L\u2019\u00caTRE E.U.R.L seront consid\u00e9r\u00e9s par les parties comme preuve des communications, commandes, paiements et transactions intervenus entre les parties.<\/li>\n<\/ol>\n<p>&nbsp;<\/p>\n<p>&nbsp;<\/p>\n<p>&nbsp;<\/p>\n<p>&nbsp;<\/p>\n","protected":false},"excerpt":{"rendered":"<p>Les pr\u00e9sentes conditions de vente sont conclues entre d\u2019une part la soci\u00e9t\u00e9 TRANSE FORMATION DE L\u2019\u00caTRE E.U.R.L et d\u2019autre part, par toute personne physique majeure ou personne morale souhaitant proc\u00e9der \u00e0 un achat via le site Internet www.oiseaudelune.fr. Objet Les pr\u00e9sentes conditions de vente visent \u00e0 d\u00e9finir les relations contractuelles entre TRANSE FORMATION DE L\u2019\u00caTRE [&hellip;]<\/p>\n","protected":false},"author":1,"featured_media":0,"parent":0,"menu_order":0,"comment_status":"closed","ping_status":"closed","template":"","meta":{"footnotes":""},"_links":{"self":[{"href":"https:\/\/oiseaudelune.fr\/index.php?rest_route=\/wp\/v2\/pages\/177"}],"collection":[{"href":"https:\/\/oiseaudelune.fr\/index.php?rest_route=\/wp\/v2\/pages"}],"about":[{"href":"https:\/\/oiseaudelune.fr\/index.php?rest_route=\/wp\/v2\/types\/page"}],"author":[{"embeddable":true,"href":"https:\/\/oiseaudelune.fr\/index.php?rest_route=\/wp\/v2\/users\/1"}],"replies":[{"embeddable":true,"href":"https:\/\/oiseaudelune.fr\/index.php?rest_route=%2Fwp%2Fv2%2Fcomments&post=177"}],"version-history":[{"count":5,"href":"https:\/\/oiseaudelune.fr\/index.php?rest_route=\/wp\/v2\/pages\/177\/revisions"}],"predecessor-version":[{"id":189,"href":"https:\/\/oiseaudelune.fr\/index.php?rest_route=\/wp\/v2\/pages\/177\/revisions\/189"}],"wp:attachment":[{"href":"https:\/\/oiseaudelune.fr\/index.php?rest_route=%2Fwp%2Fv2%2Fmedia&parent=177"}],"curies":[{"name":"wp","href":"https:\/\/api.w.org\/{rel}","templated":true}]}}