{"id":242,"date":"2021-07-08T17:47:36","date_gmt":"2021-07-08T15:47:36","guid":{"rendered":"https:\/\/oiseaudelune.fr\/?page_id=242"},"modified":"2022-03-28T18:01:06","modified_gmt":"2022-03-28T16:01:06","slug":"auteur-corine-lanfranco-pradel-oiseau-de-lune","status":"publish","type":"page","link":"https:\/\/oiseaudelune.fr\/?page_id=242","title":{"rendered":"AUTEUR"},"content":{"rendered":"<h2><span style=\"font-family: Comic Sans MS, sans-serif; color: #333399;\">L&#8217;\u00e9criture a trouv\u00e9 son chemin en moi et je l&#8217;ai pos\u00e9e sur le papier depuis juin 2020.<\/span><\/h2>\n<h2><span style=\"font-family: Comic Sans MS, sans-serif; color: #333399;\">De ce voyage passionnant qu&#8217;est l&#8217;\u00e9criture, mon premier livre est s<\/span><span style=\"font-family: Comic Sans MS, sans-serif; color: #333399;\">orti le 13 Octobre 2021 !<br \/>\n<\/span><\/h2>\n<h2><span style=\"font-family: Comic Sans MS, sans-serif; color: #333399;\">Vous pourrez le trouver sur Amazon.com, Fnac.com, Decitre.com et Cultura.com<br \/>\n<\/span><\/h2>\n<h2><span style=\"font-family: Comic Sans MS, sans-serif; color: #333399;\"><strong>Vous pouvez l&#8217;acheter directement sur mon site<br \/>\n<\/strong><\/span><\/h2>\n<h2><a href=\"https:\/\/oiseaudelune.fr\/?post_type=product\" target=\"_blank\" rel=\"noopener noreferrer\"><strong> cliquez ici pour acheter<\/strong><\/a><\/h2>\n<p><img loading=\"lazy\" decoding=\"async\" class=\"alignnone wp-image-247 size-medium\" src=\"https:\/\/oiseaudelune.fr\/wp-content\/uploads\/2021\/10\/LANFRANCO-LaPlumeDeOiseau-COUV-3-211x300.jpg\" alt=\"\" width=\"211\" height=\"300\" srcset=\"https:\/\/oiseaudelune.fr\/wp-content\/uploads\/2021\/10\/LANFRANCO-LaPlumeDeOiseau-COUV-3-211x300.jpg 211w, https:\/\/oiseaudelune.fr\/wp-content\/uploads\/2021\/10\/LANFRANCO-LaPlumeDeOiseau-COUV-3-722x1024.jpg 722w, https:\/\/oiseaudelune.fr\/wp-content\/uploads\/2021\/10\/LANFRANCO-LaPlumeDeOiseau-COUV-3-768x1090.jpg 768w, https:\/\/oiseaudelune.fr\/wp-content\/uploads\/2021\/10\/LANFRANCO-LaPlumeDeOiseau-COUV-3-1083x1536.jpg 1083w, https:\/\/oiseaudelune.fr\/wp-content\/uploads\/2021\/10\/LANFRANCO-LaPlumeDeOiseau-COUV-3-1444x2048.jpg 1444w, https:\/\/oiseaudelune.fr\/wp-content\/uploads\/2021\/10\/LANFRANCO-LaPlumeDeOiseau-COUV-3-624x885.jpg 624w, https:\/\/oiseaudelune.fr\/wp-content\/uploads\/2021\/10\/LANFRANCO-LaPlumeDeOiseau-COUV-3-300x426.jpg 300w, https:\/\/oiseaudelune.fr\/wp-content\/uploads\/2021\/10\/LANFRANCO-LaPlumeDeOiseau-COUV-3.jpg 1748w\" sizes=\"(max-width: 211px) 100vw, 211px\" \/> \u00a0\u00a0\u00a0\u00a0\u00a0\u00a0\u00a0\u00a0\u00a0\u00a0\u00a0\u00a0\u00a0 <img loading=\"lazy\" decoding=\"async\" class=\"alignnone wp-image-248 size-medium\" src=\"https:\/\/oiseaudelune.fr\/wp-content\/uploads\/2021\/10\/LANFRANCO-LaPlumeDeOiseau-COUV--211x300.jpg\" alt=\"\" width=\"211\" height=\"300\" srcset=\"https:\/\/oiseaudelune.fr\/wp-content\/uploads\/2021\/10\/LANFRANCO-LaPlumeDeOiseau-COUV--211x300.jpg 211w, https:\/\/oiseaudelune.fr\/wp-content\/uploads\/2021\/10\/LANFRANCO-LaPlumeDeOiseau-COUV--722x1024.jpg 722w, https:\/\/oiseaudelune.fr\/wp-content\/uploads\/2021\/10\/LANFRANCO-LaPlumeDeOiseau-COUV--768x1090.jpg 768w, https:\/\/oiseaudelune.fr\/wp-content\/uploads\/2021\/10\/LANFRANCO-LaPlumeDeOiseau-COUV--1083x1536.jpg 1083w, https:\/\/oiseaudelune.fr\/wp-content\/uploads\/2021\/10\/LANFRANCO-LaPlumeDeOiseau-COUV--1444x2048.jpg 1444w, https:\/\/oiseaudelune.fr\/wp-content\/uploads\/2021\/10\/LANFRANCO-LaPlumeDeOiseau-COUV--624x885.jpg 624w, https:\/\/oiseaudelune.fr\/wp-content\/uploads\/2021\/10\/LANFRANCO-LaPlumeDeOiseau-COUV--300x426.jpg 300w, https:\/\/oiseaudelune.fr\/wp-content\/uploads\/2021\/10\/LANFRANCO-LaPlumeDeOiseau-COUV-.jpg 1748w\" sizes=\"(max-width: 211px) 100vw, 211px\" \/><\/p>\n<p><a href=\"https:\/\/oiseaudelune.fr\/wp-content\/uploads\/2021\/11\/LANFRANCO-LaPlumeDeOiseau-extrait.pdf\" target=\"_blank\" rel=\"noopener noreferrer\"><span style=\"font-size: 18pt;\"><strong><span style=\"color: #333399;\"><span style=\"color: #00ccff;\">Pour feuilleter le livre cliquez ici<\/span><\/span><\/strong><\/span><\/a><\/p>\n<p><span style=\"font-size: 14pt;\"><strong><span style=\"color: #333399;\">N&#8217;h\u00e9sitez pas \u00e0 laisser des commentaires sur vos ressentis ou \u00e0 me poser des questions, communiquons !<\/span><\/strong><\/span><\/p>\n<p><span style=\"font-size: 18pt; color: #0000ff;\"><strong>LES GENS EN PARLENT :<\/strong><\/span><\/p>\n<p><span style=\"color: #0000ff;\">Commentaire sur Facebook mars 2022 :<\/span><\/p>\n<div class=\"k4urcfbm hpfvmrgz g5gj957u buofh1pr mg4g778l\">\n<div class=\"b3i9ofy5 e72ty7fz qlfml3jp inkptoze qmr60zad rq0escxv oo9gr5id q9uorilb kvgmc6g5 cxmmr5t8 oygrvhab hcukyx3x d2edcug0 jm1wdb64 l9j0dhe7 l3itjdph qv66sw1b\">\n<div class=\"tw6a2znq sj5x9vvc d1544ag0 cxgpxx05\">\n<p><span class=\"nc684nl6\"><a class=\"oajrlxb2 g5ia77u1 qu0x051f esr5mh6w e9989ue4 r7d6kgcz rq0escxv nhd2j8a9 nc684nl6 p7hjln8o kvgmc6g5 cxmmr5t8 oygrvhab hcukyx3x jb3vyjys rz4wbd8a qt6c0cv9 a8nywdso i1ao9s8h esuyzwwr f1sip0of lzcic4wl gmql0nx0 gpro0wi8\" tabindex=\"0\" role=\"link\" href=\"https:\/\/www.facebook.com\/florence.chevalier.therapeute29?comment_id=Y29tbWVudDoyNzU4NjgzMTc0NDMwODAxXzI4NzExOTk0MDMxNzkxNzc%3D&amp;__cft__[0]=AZXxm6kyrAwL1TmQg9BVV_EVG_e4_lu86_aBheXxu1EP75m-gw5QZyIlWK1L1VgxVjpEwG1PPSxSI1pDA4RWNkjktRfi1PpnoUgK3_5TMAYZ95PVIBi6KRd0z5B1--PiFItQAv2AAKXTMD_wCr493VBoFNRn35EhCx33IqNDS_K2W4vzZXpEsYsGgY72YjzvbiY&amp;__tn__=R]-R\"><span class=\"pq6dq46d\"><span class=\"d2edcug0 hpfvmrgz qv66sw1b c1et5uql lr9zc1uh a8c37x1j fe6kdd0r mau55g9w c8b282yb keod5gw0 nxhoafnm aigsh9s9 d9wwppkn mdeji52x e9vueds3 j5wam9gi lrazzd5p oo9gr5id\" dir=\"auto\">Florence Chevalier<\/span><\/span><\/a><\/span><\/p>\n<div class=\"ecm0bbzt e5nlhep0 a8c37x1j\">\n<div class=\"kvgmc6g5 cxmmr5t8 oygrvhab hcukyx3x c1et5uql\">\n<div dir=\"auto\">Un livre magnifique et vibrant qui m\u2019accompagne au gr\u00e8s de mes envies et des journ\u00e9es qui passent qui m\u2019envoie les mots et vibrations justes le jour o\u00f9 je choisis de l\u2019ouvrir \u2026infinie gratitude <span class=\"pq6dq46d tbxw36s4 knj5qynh kvgmc6g5 ditlmg2l oygrvhab nvdbi5me sf5mxxl7 gl3lb2sf hhz5lgdu\"><img loading=\"lazy\" decoding=\"async\" src=\"https:\/\/static.xx.fbcdn.net\/images\/emoji.php\/v9\/td9\/1.5\/16\/1f64f.png\" alt=\"\ud83d\ude4f\" width=\"16\" height=\"16\" \/><\/span><span class=\"pq6dq46d tbxw36s4 knj5qynh kvgmc6g5 ditlmg2l oygrvhab nvdbi5me sf5mxxl7 gl3lb2sf hhz5lgdu\"><img loading=\"lazy\" decoding=\"async\" src=\"https:\/\/static.xx.fbcdn.net\/images\/emoji.php\/v9\/tf3\/1.5\/16\/2764.png\" alt=\"\u2764\ufe0f\" width=\"16\" height=\"16\" \/><\/span><span class=\"pq6dq46d tbxw36s4 knj5qynh kvgmc6g5 ditlmg2l oygrvhab nvdbi5me sf5mxxl7 gl3lb2sf hhz5lgdu\"><img loading=\"lazy\" decoding=\"async\" src=\"https:\/\/static.xx.fbcdn.net\/images\/emoji.php\/v9\/td9\/1.5\/16\/1f64f.png\" alt=\"\ud83d\ude4f\" width=\"16\" height=\"16\" \/><\/span><\/div>\n<div dir=\"auto\"><\/div>\n<\/div>\n<\/div>\n<\/div>\n<\/div>\n<\/div>\n<p><span style=\"color: #0000ff;\">Sur Instagram :<\/span><\/p>\n<p><img loading=\"lazy\" decoding=\"async\" class=\"alignnone size-medium wp-image-262\" src=\"https:\/\/oiseaudelune.fr\/wp-content\/uploads\/2022\/01\/a-propos-de-mon-livre-publication-instagram.php_-300x300.jpg\" alt=\"\" width=\"300\" height=\"300\" srcset=\"https:\/\/oiseaudelune.fr\/wp-content\/uploads\/2022\/01\/a-propos-de-mon-livre-publication-instagram.php_-300x300.jpg 300w, https:\/\/oiseaudelune.fr\/wp-content\/uploads\/2022\/01\/a-propos-de-mon-livre-publication-instagram.php_-150x150.jpg 150w, https:\/\/oiseaudelune.fr\/wp-content\/uploads\/2022\/01\/a-propos-de-mon-livre-publication-instagram.php_-200x200.jpg 200w, https:\/\/oiseaudelune.fr\/wp-content\/uploads\/2022\/01\/a-propos-de-mon-livre-publication-instagram.php_-100x100.jpg 100w, https:\/\/oiseaudelune.fr\/wp-content\/uploads\/2022\/01\/a-propos-de-mon-livre-publication-instagram.php_.jpg 476w\" sizes=\"(max-width: 300px) 100vw, 300px\" \/><\/p>\n<div class=\" qF0y9 Igw0E IwRSH eGOV_ _4EzTm ItkAi \"><a class=\"sqdOP yWX7d _8A5w5 ZIAjV \" tabindex=\"0\" href=\"https:\/\/www.instagram.com\/lectricedemots\/\">lectricedemots<\/a><\/div>\n<p><span class=\"\" title=\"Modifi\u00e9\">\u25e6\u2022\u25cf\u25c9\u273f10\u00e9me lecture de d\u00e9cembre\u273f\u25c9\u25cf\u2022\u25e6\u2b50\u2b50\u2b50\u2b50\u2b50\/5<br \/>\n&#8220;La plume de l&#8217;oiseau Recueil au gr\u00e9 des pens\u00e9es&#8221;<br \/>\nDe Corine Lanfranco Pradel <a class=\"notranslate\" tabindex=\"0\" href=\"https:\/\/www.instagram.com\/publishroom\/\">@publishroom<\/a><\/span><\/p>\n<p>Lecture dans le cadre de simplement pro<\/p>\n<p>Avis :<\/p>\n<p>Merci \u00e0 la maison d&#8217;\u00e9dition publishroom et a simplement pro de m&#8217;avoir fait d\u00e9couvrir ce magnifique recueil.<br \/>\nL&#8217;autrice nous d\u00e9crit avec subtilit\u00e9 des messages remplis de sagesse et de spiritualit\u00e9.<br \/>\nCe livre vous emm\u00e8nera \u00e0 r\u00e9fl\u00e9chir sur votre chemin de vie, vos d\u00e9cision et \u00e9galement sur les chemins de la gu\u00e9rison.<br \/>\nDivers th\u00e8mes y sont abord\u00e9s, je vous laisse les d\u00e9couvrir en achetant ce livre.<br \/>\nUn livre \u00e9galement pour nous comprendre et comprendre les autres mais aussi pour nous emmen\u00e9s vers un d\u00e9veloppement spiritueux.<br \/>\nUn livre \u00e0 lire, \u00e0 relire ou pourquoi pas \u00e0 offrir<\/p>\n<p>R\u00e9sum\u00e9 :<\/p>\n<p>Une collection de m\u00e9ditations qui vous prend par la main et vous emm\u00e8ne sur le chemin du centrage en soi.<\/p>\n<p>Slam de l\u2019\u00e2me, ces po\u00e8mes du c\u0153ur livrent au lecteur la s\u00e8ve de la qu\u00eate de compr\u00e9hensions , de gu\u00e9rison et de spiritualit\u00e9 d\u2019une femme devenue un peu plus sage au fil du temps.<\/p>\n<p>L&#8217;auteur aborde les sujets du corps, de la nature, de la construction de soi et de la renaissance pour un recueil po\u00e9tique qui vit avec pl\u00e9nitude la joie de l&#8217;existence terrestre.<\/p>\n<p><span style=\"color: #0000ff;\">Sur Babelio :<\/span><\/p>\n<table>\n<tbody>\n<tr>\n<td class=\"post_avatar not-mobile\"><a class=\"not-mobile\" href=\"https:\/\/www.babelio.com\/monprofil.php?id_user=29459\" rel=\"nofollow\"><img decoding=\"async\" class=\"not-mobile\" src=\"https:\/\/www.babelio.com\/users\/29459_a2703.jpg\" alt=\"sasouh08\" \/><\/a><\/td>\n<td>\n<table>\n<tbody>\n<tr>\n<td class=\"no_img\"><a class=\"author\" href=\"https:\/\/www.babelio.com\/monprofil.php?id_user=29459\" rel=\"nofollow\">sasouh08<\/a>\u00a0 <span class=\"gris\">15 d\u00e9cembre 2021<\/span><\/td>\n<td><\/td>\n<\/tr>\n<\/tbody>\n<\/table>\n<\/td>\n<\/tr>\n<\/tbody>\n<\/table>\n<table style=\"height: 5px;\" width=\"5\">\n<tbody>\n<tr>\n<td><\/td>\n<td>\n<div class=\"dropdown\">\n<div class=\"icon-blogger7\"><\/div>\n<div class=\"dropdown_open\"><\/div>\n<\/div>\n<\/td>\n<\/tr>\n<\/tbody>\n<\/table>\n<div class=\"text row\">\n<div id=\"cri_2857994\"><a class=\"titre1\" href=\"https:\/\/www.babelio.com\/livres\/Lanfranco-Pradel-Oiseau-de-Lune-La-plume-de-lois\/1376600\">La plume de l&#8217;oiseau<\/a> est un joli recueil de po\u00e8mes qui vous emm\u00e8nera sur le chemin du centrage en soi, de la gu\u00e9rison.<br \/>\nDe part son exp\u00e9rience de vie, l&#8217;auteure nous livre des messages remplis de sagesse et de spiritualit\u00e9.<br \/>\nDivers sujets y sont abord\u00e9s tels que le corps, la nature, la reconstruction de soi, la renaissance.<br \/>\nIl s&#8217;agit d&#8217;un beau livre \u00e0 (s&#8217;)offrir!<\/div>\n<\/div>\n","protected":false},"excerpt":{"rendered":"<p>L&#8217;\u00e9criture a trouv\u00e9 son chemin en moi et je l&#8217;ai pos\u00e9e sur le papier depuis juin 2020. De ce voyage passionnant qu&#8217;est l&#8217;\u00e9criture, mon premier livre est sorti le 13 Octobre 2021 ! Vous pourrez le trouver sur Amazon.com, Fnac.com, Decitre.com et Cultura.com Vous pouvez l&#8217;acheter directement sur mon site cliquez ici pour acheter \u00a0\u00a0\u00a0\u00a0\u00a0\u00a0\u00a0\u00a0\u00a0\u00a0\u00a0\u00a0\u00a0 [&hellip;]<\/p>\n","protected":false},"author":1,"featured_media":0,"parent":0,"menu_order":0,"comment_status":"open","ping_status":"closed","template":"","meta":{"footnotes":""},"_links":{"self":[{"href":"https:\/\/oiseaudelune.fr\/index.php?rest_route=\/wp\/v2\/pages\/242"}],"collection":[{"href":"https:\/\/oiseaudelune.fr\/index.php?rest_route=\/wp\/v2\/pages"}],"about":[{"href":"https:\/\/oiseaudelune.fr\/index.php?rest_route=\/wp\/v2\/types\/page"}],"author":[{"embeddable":true,"href":"https:\/\/oiseaudelune.fr\/index.php?rest_route=\/wp\/v2\/users\/1"}],"replies":[{"embeddable":true,"href":"https:\/\/oiseaudelune.fr\/index.php?rest_route=%2Fwp%2Fv2%2Fcomments&post=242"}],"version-history":[{"count":10,"href":"https:\/\/oiseaudelune.fr\/index.php?rest_route=\/wp\/v2\/pages\/242\/revisions"}],"predecessor-version":[{"id":267,"href":"https:\/\/oiseaudelune.fr\/index.php?rest_route=\/wp\/v2\/pages\/242\/revisions\/267"}],"wp:attachment":[{"href":"https:\/\/oiseaudelune.fr\/index.php?rest_route=%2Fwp%2Fv2%2Fmedia&parent=242"}],"curies":[{"name":"wp","href":"https:\/\/api.w.org\/{rel}","templated":true}]}}